{"id":34,"date":"2024-03-26T22:55:57","date_gmt":"2024-03-27T01:55:57","guid":{"rendered":"https:\/\/catecriarte.com.br\/?post_type=product&#038;p=34"},"modified":"2024-05-01T15:34:06","modified_gmt":"2024-05-01T18:34:06","slug":"curso-psicopedagogia-catequetica-por-idades","status":"publish","type":"product","link":"https:\/\/catecriarte.com.br\/index.php\/product\/curso-psicopedagogia-catequetica-por-idades\/","title":{"rendered":"Curso Psicopedagogia Catequ\u00e9tica por idades"},"content":{"rendered":"<p>O curso tem como objetivo preparar tanto as lideran\u00e7as quanto os catequistas para lidar com as necessidades espec\u00edficas dos catec\u00famenos e catequizandos conforme suas idades e etapa de desenvolvimento, considerando sua realidade e o est\u00e1gio de vida de forma a permitir identificar de maneira mais adequada os m\u00e9todos, as t\u00e9cnicas e as estrat\u00e9gias a serem adotadas para evangeliza\u00e7\u00e3o dos diversos p\u00fablicos<\/p>\n","protected":false},"excerpt":{"rendered":"<p>O curso tem como objetivo preparar tanto as lideran\u00e7as quanto os catequistas para lidar com as necessidades espec\u00edficas dos catec\u00famenos e catequizandos conforme suas idades e etapa de desenvolvimento, considerando sua realidade e o est\u00e1gio de vida de forma a permitir identificar de maneira mais adequada os m\u00e9todos, as t\u00e9cnicas e as estrat\u00e9gias a serem [&hellip;]<\/p>\n","protected":false},"featured_media":0,"comment_status":"open","ping_status":"closed","template":"","meta":{"_monsterinsights_skip_tracking":false,"_monsterinsights_sitenote_active":false,"_monsterinsights_sitenote_note":"","_monsterinsights_sitenote_category":0},"product_cat":[15],"product_tag":[],"aioseo_notices":[],"jetpack_sharing_enabled":true,"_links":{"self":[{"href":"https:\/\/catecriarte.com.br\/index.php\/wp-json\/wp\/v2\/product\/34"}],"collection":[{"href":"https:\/\/catecriarte.com.br\/index.php\/wp-json\/wp\/v2\/product"}],"about":[{"href":"https:\/\/catecriarte.com.br\/index.php\/wp-json\/wp\/v2\/types\/product"}],"replies":[{"embeddable":true,"href":"https:\/\/catecriarte.com.br\/index.php\/wp-json\/wp\/v2\/comments?post=34"}],"wp:attachment":[{"href":"https:\/\/catecriarte.com.br\/index.php\/wp-json\/wp\/v2\/media?parent=34"}],"wp:term":[{"taxonomy":"product_cat","embeddable":true,"href":"https:\/\/catecriarte.com.br\/index.php\/wp-json\/wp\/v2\/product_cat?post=34"},{"taxonomy":"product_tag","embeddable":true,"href":"https:\/\/catecriarte.com.br\/index.php\/wp-json\/wp\/v2\/product_tag?post=34"}],"curies":[{"name":"wp","href":"https:\/\/api.w.org\/{rel}","templated":true}]}}