{"id":25,"date":"2024-03-26T22:23:56","date_gmt":"2024-03-27T01:23:56","guid":{"rendered":"https:\/\/catecriarte.com.br\/?page_id=25"},"modified":"2024-03-26T22:23:57","modified_gmt":"2024-03-27T01:23:57","slug":"quem-somos","status":"publish","type":"page","link":"https:\/\/catecriarte.com.br\/index.php\/quem-somos\/","title":{"rendered":"Quem somos"},"content":{"rendered":"\n<p><\/p>\n\n\n\n<figure class=\"wp-block-image size-large\"><img fetchpriority=\"high\" decoding=\"async\" width=\"768\" height=\"1024\" src=\"https:\/\/catecriarte.com.br\/wp-content\/uploads\/2024\/03\/IMG_20240203_114647-2-768x1024.jpg\" alt=\"\" class=\"wp-image-26\" srcset=\"https:\/\/catecriarte.com.br\/wp-content\/uploads\/2024\/03\/IMG_20240203_114647-2-768x1024.jpg 768w, https:\/\/catecriarte.com.br\/wp-content\/uploads\/2024\/03\/IMG_20240203_114647-2-225x300.jpg 225w, https:\/\/catecriarte.com.br\/wp-content\/uploads\/2024\/03\/IMG_20240203_114647-2-1152x1536.jpg 1152w, https:\/\/catecriarte.com.br\/wp-content\/uploads\/2024\/03\/IMG_20240203_114647-2-1536x2048.jpg 1536w, https:\/\/catecriarte.com.br\/wp-content\/uploads\/2024\/03\/IMG_20240203_114647-2-1320x1760.jpg 1320w, https:\/\/catecriarte.com.br\/wp-content\/uploads\/2024\/03\/IMG_20240203_114647-2-600x800.jpg 600w, https:\/\/catecriarte.com.br\/wp-content\/uploads\/2024\/03\/IMG_20240203_114647-2-scaled.jpg 1920w\" sizes=\"(max-width: 768px) 100vw, 768px\" \/><\/figure>\n\n\n\n<p>Marcelo Magno Rocha Nascimento<\/p>\n\n\n\n<p>Marcelo \u00e9 doutor em Ci\u00eancias da Educa\u00e7\u00e3o, mestre em Psicologia Social, do Trabalho e das Organiza\u00e7\u00f5es, Especialista em Teologia Pastoral e Psicopedagogia Cl\u00ednico-Institucional, graduado em Teologia, Filosofia, Ci\u00eancias Sociais &#8211; Sociologia, Matem\u00e1tica, Administra\u00e7\u00e3o e  Ci\u00eancias Cont\u00e1beis. Idealizador do projeto Catecriarte, que tem como objetivo contribuir com catequistas, lideran\u00e7as e pastorais em seu processo evangelizador com uso da criatividade e do reconhecimento da import\u00e2ncia de catequese por idades.<\/p>\n\n\n\n<p>\u00c9 catequista e coordenador de pastoral paroquial, tendo sido assessor no \u00e2mbito da Pastoral Juvenil. Professor Universit\u00e1rio e formador nas \u00e1reas de lideran\u00e7a e coordena\u00e7\u00e3o, de psicopedagogia e catequese, estudioso e implementador da catequese de inspira\u00e7\u00e3o catecumenal.<\/p>\n","protected":false},"excerpt":{"rendered":"<p>Marcelo Magno Rocha Nascimento Marcelo \u00e9 doutor em Ci\u00eancias da Educa\u00e7\u00e3o, mestre em Psicologia Social, do Trabalho e das Organiza\u00e7\u00f5es, Especialista em Teologia Pastoral e Psicopedagogia Cl\u00ednico-Institucional, graduado em Teologia, Filosofia, Ci\u00eancias Sociais &#8211; Sociologia, Matem\u00e1tica, Administra\u00e7\u00e3o e Ci\u00eancias Cont\u00e1beis. Idealizador do projeto Catecriarte, que tem como objetivo contribuir com catequistas, lideran\u00e7as e pastorais em [&hellip;]<\/p>\n","protected":false},"author":1,"featured_media":0,"parent":0,"menu_order":0,"comment_status":"closed","ping_status":"closed","template":"","meta":{"_monsterinsights_skip_tracking":false,"_monsterinsights_sitenote_active":false,"_monsterinsights_sitenote_note":"","_monsterinsights_sitenote_category":0,"footnotes":""},"aioseo_notices":[],"jetpack_sharing_enabled":true,"_links":{"self":[{"href":"https:\/\/catecriarte.com.br\/index.php\/wp-json\/wp\/v2\/pages\/25"}],"collection":[{"href":"https:\/\/catecriarte.com.br\/index.php\/wp-json\/wp\/v2\/pages"}],"about":[{"href":"https:\/\/catecriarte.com.br\/index.php\/wp-json\/wp\/v2\/types\/page"}],"author":[{"embeddable":true,"href":"https:\/\/catecriarte.com.br\/index.php\/wp-json\/wp\/v2\/users\/1"}],"replies":[{"embeddable":true,"href":"https:\/\/catecriarte.com.br\/index.php\/wp-json\/wp\/v2\/comments?post=25"}],"version-history":[{"count":1,"href":"https:\/\/catecriarte.com.br\/index.php\/wp-json\/wp\/v2\/pages\/25\/revisions"}],"predecessor-version":[{"id":27,"href":"https:\/\/catecriarte.com.br\/index.php\/wp-json\/wp\/v2\/pages\/25\/revisions\/27"}],"wp:attachment":[{"href":"https:\/\/catecriarte.com.br\/index.php\/wp-json\/wp\/v2\/media?parent=25"}],"curies":[{"name":"wp","href":"https:\/\/api.w.org\/{rel}","templated":true}]}}